{"id":915,"date":"2024-09-20T01:48:23","date_gmt":"2024-09-19T23:48:23","guid":{"rendered":"https:\/\/www.uca.unam.mx\/services\/"},"modified":"2026-01-23T20:08:30","modified_gmt":"2026-01-23T19:08:30","slug":"consejos","status":"publish","type":"page","link":"\/?page_id=915","title":{"rendered":"Consejos Acad\u00e9micos"},"content":{"rendered":"\n<div class=\"wp-block-uagb-container uagb-block-25efe059 alignfull uagb-is-root-container\"><div class=\"uagb-container-inner-blocks-wrap\">\n<div class=\"wp-block-uagb-advanced-heading uagb-block-152b2cf8\"><h1 class=\"uagb-heading-text\">Consejos Acad\u00e9micos<\/h1><\/div>\n<\/div><\/div>\n\n\n\n<div class=\"wp-block-uagb-container uagb-block-4a87feac alignfull uagb-is-root-container\"><div class=\"uagb-container-inner-blocks-wrap\">\n<div class=\"wp-block-uagb-info-box uagb-block-5c6f27f2 uagb-infobox__content-wrap  uagb-infobox-icon-above-title uagb-infobox-image-valign-top\"><div class=\"uagb-ifb-content\"><div class=\"uagb-ifb-title-wrap\"><\/div><div class=\"uagb-ifb-separator\"><\/div><p class=\"uagb-ifb-desc\">Los&nbsp;Consejos Acad\u00e9micos de \u00c1rea de la UNAM&nbsp;son&nbsp;cuerpos colegiados&nbsp;con el objetivo de&nbsp;fortalecer las tareas sustantivas de la Universidad,&nbsp;promover la articulaci\u00f3n entre sus diversos niveles, disciplinas y funciones acad\u00e9micas, y&nbsp;propiciar el \u00f3ptimo aprovechamiento y desarrollo de sus recursos.<br><br>Cada uno funciona para la articulaci\u00f3n entre&nbsp;Facultades, Escuelas, Institutos y Centros&nbsp;agrupados en los mismos y entre sus diversos niveles, disciplinas y funciones acad\u00e9micas para&nbsp;generar mejores&nbsp;pol\u00edticas acad\u00e9micas generales.<\/p><\/div><\/div>\n\n\n\n<div style=\"height:100px\" aria-hidden=\"true\" class=\"wp-block-spacer\"><\/div>\n<\/div><\/div>\n\n\n\n<div class=\"wp-block-uagb-container uagb-block-ec9fec3c alignfull uagb-is-root-container\"><div class=\"uagb-container-inner-blocks-wrap\">\n<div class=\"wp-block-uagb-container uagb-block-e2a21cf7\">\n<figure class=\"wp-block-image aligncenter size-large is-resized\"><a href=\"https:\/\/www.caabqys.unam.mx\/\" target=\"_blank\" rel=\"noreferrer noopener\"><img decoding=\"async\" src=\"\/wp-content\/uploads\/2026\/01\/CAABQYS-1024x383.png\" alt=\"\" style=\"width:243px;height:auto\"\/><\/a><\/figure>\n<\/div>\n\n\n\n<div class=\"wp-block-uagb-container uagb-block-986823e5\">\n<div class=\"wp-block-uagb-image aligncenter uagb-block-1c98af9f wp-block-uagb-image--layout-default wp-block-uagb-image--effect-static wp-block-uagb-image--align-center\"><figure class=\"wp-block-uagb-image__figure\"><a class=\"\" href=\"https:\/\/www.caacfmi.unam.mx\/\" target=\"_blank\" rel=\"noreferrer noopener\"><img loading=\"lazy\" decoding=\"async\" srcset=\"\/wp-content\/uploads\/2026\/01\/CAACFMI-1024x423.png ,\/wp-content\/uploads\/2026\/01\/CAACFMI.png 780w, \/wp-content\/uploads\/2026\/01\/CAACFMI.png 360w\" sizes=\"(max-width: 480px) 150px\" src=\"\/wp-content\/uploads\/2026\/01\/CAACFMI-1024x423.png\" alt=\"\" class=\"uag-image-2509\" width=\"212\" height=\"88\" title=\"CAACFMI\" loading=\"lazy\" role=\"img\"\/><\/a><\/figure><\/div>\n<\/div>\n\n\n\n<div class=\"wp-block-uagb-container uagb-block-0464f9cb\">\n<div class=\"wp-block-uagb-image aligncenter uagb-block-e03571fc wp-block-uagb-image--layout-default wp-block-uagb-image--effect-static wp-block-uagb-image--align-center\"><figure class=\"wp-block-uagb-image__figure\"><a class=\"\" href=\"https:\/\/www.caahya.unam.mx\/\" target=\"_blank\" rel=\"noreferrer noopener\"><img loading=\"lazy\" decoding=\"async\" srcset=\"\/wp-content\/uploads\/2026\/01\/CAAHYA-1024x483.png ,\/wp-content\/uploads\/2026\/01\/CAAHYA.png 780w, \/wp-content\/uploads\/2026\/01\/CAAHYA.png 360w\" sizes=\"(max-width: 480px) 150px\" src=\"\/wp-content\/uploads\/2026\/01\/CAAHYA-1024x483.png\" alt=\"\" class=\"uag-image-2511\" width=\"1024\" height=\"423\" title=\"CAAHYA\" loading=\"lazy\" role=\"img\"\/><\/a><\/figure><\/div>\n<\/div>\n\n\n\n<div class=\"wp-block-uagb-container uagb-block-c58e4428\">\n<figure class=\"wp-block-image aligncenter size-large is-resized\"><a href=\"https:\/\/www.caacs.unam.mx\/\" target=\"_blank\" rel=\"noreferrer noopener\"><img fetchpriority=\"high\" decoding=\"async\" width=\"1024\" height=\"569\" src=\"\/wp-content\/uploads\/2026\/01\/CAACS-1024x569.png\" alt=\"\" class=\"wp-image-2510\" style=\"width:169px;height:auto\" srcset=\"\/wp-content\/uploads\/2026\/01\/CAACS-1024x569.png 1024w, \/wp-content\/uploads\/2026\/01\/CAACS-300x167.png 300w, \/wp-content\/uploads\/2026\/01\/CAACS-768x427.png 768w, \/wp-content\/uploads\/2026\/01\/CAACS-1536x854.png 1536w, \/wp-content\/uploads\/2026\/01\/CAACS.png 1841w\" sizes=\"(max-width: 1024px) 100vw, 1024px\" \/><\/a><\/figure>\n<\/div>\n\n\n\n<figure class=\"wp-block-image aligncenter size-large is-resized\"><a href=\"https:\/\/www.cab.unam.mx\/\" target=\"_blank\" rel=\"noreferrer noopener\"><img decoding=\"async\" width=\"1024\" height=\"492\" src=\"\/wp-content\/uploads\/2026\/01\/CAB-1024x492.png\" alt=\"\" class=\"wp-image-2512\" style=\"width:169px;height:auto\" srcset=\"\/wp-content\/uploads\/2026\/01\/CAB-1024x492.png 1024w, \/wp-content\/uploads\/2026\/01\/CAB-300x144.png 300w, \/wp-content\/uploads\/2026\/01\/CAB-768x369.png 768w, \/wp-content\/uploads\/2026\/01\/CAB-1536x738.png 1536w, \/wp-content\/uploads\/2026\/01\/CAB.png 2034w\" sizes=\"(max-width: 1024px) 100vw, 1024px\" \/><\/a><\/figure>\n<\/div><\/div>\n\n\n\n<div class=\"wp-block-uagb-container uagb-block-e757dbfe alignfull uagb-is-root-container\"><div class=\"uagb-container-inner-blocks-wrap\">\n<div style=\"height:100px\" aria-hidden=\"true\" class=\"wp-block-spacer\"><\/div>\n<\/div><\/div>\n\n\n\n<p><\/p>\n","protected":false},"excerpt":{"rendered":"<p>Consejos Acad\u00e9micos<\/p>\n","protected":false},"author":1,"featured_media":0,"parent":0,"menu_order":0,"comment_status":"closed","ping_status":"closed","template":"","meta":{"_uag_custom_page_level_css":"","site-sidebar-layout":"no-sidebar","site-content-layout":"plain-container","ast-site-content-layout":"full-width-container","site-content-style":"unboxed","site-sidebar-style":"unboxed","ast-global-header-display":"","ast-banner-title-visibility":"","ast-main-header-display":"","ast-hfb-above-header-display":"","ast-hfb-below-header-display":"","ast-hfb-mobile-header-display":"","site-post-title":"disabled","ast-breadcrumbs-content":"","ast-featured-img":"","footer-sml-layout":"","theme-transparent-header-meta":"enabled","adv-header-id-meta":"","stick-header-meta":"","header-above-stick-meta":"","header-main-stick-meta":"","header-below-stick-meta":"","astra-migrate-meta-layouts":"set","ast-page-background-enabled":"default","ast-page-background-meta":{"desktop":{"background-color":"","background-image":"","background-repeat":"repeat","background-position":"center center","background-size":"auto","background-attachment":"scroll","background-type":"","background-media":"","overlay-type":"","overlay-color":"","overlay-opacity":"","overlay-gradient":""},"tablet":{"background-color":"","background-image":"","background-repeat":"repeat","background-position":"center center","background-size":"auto","background-attachment":"scroll","background-type":"","background-media":"","overlay-type":"","overlay-color":"","overlay-opacity":"","overlay-gradient":""},"mobile":{"background-color":"","background-image":"","background-repeat":"repeat","background-position":"center center","background-size":"auto","background-attachment":"scroll","background-type":"","background-media":"","overlay-type":"","overlay-color":"","overlay-opacity":"","overlay-gradient":""}},"ast-content-background-meta":{"desktop":{"background-color":"var(--ast-global-color-5)","background-image":"","background-repeat":"repeat","background-position":"center center","background-size":"auto","background-attachment":"scroll","background-type":"","background-media":"","overlay-type":"","overlay-color":"","overlay-opacity":"","overlay-gradient":""},"tablet":{"background-color":"var(--ast-global-color-5)","background-image":"","background-repeat":"repeat","background-position":"center center","background-size":"auto","background-attachment":"scroll","background-type":"","background-media":"","overlay-type":"","overlay-color":"","overlay-opacity":"","overlay-gradient":""},"mobile":{"background-color":"var(--ast-global-color-5)","background-image":"","background-repeat":"repeat","background-position":"center center","background-size":"auto","background-attachment":"scroll","background-type":"","background-media":"","overlay-type":"","overlay-color":"","overlay-opacity":"","overlay-gradient":""}},"footnotes":""},"class_list":["post-915","page","type-page","status-publish","hentry"],"uagb_featured_image_src":{"full":false,"thumbnail":false,"medium":false,"medium_large":false,"large":false,"1536x1536":false,"2048x2048":false},"uagb_author_info":{"display_name":"adminUCA","author_link":"\/?author=1"},"uagb_comment_info":0,"uagb_excerpt":"Consejos Acad\u00e9micos","_links":{"self":[{"href":"\/index.php?rest_route=\/wp\/v2\/pages\/915"}],"collection":[{"href":"\/index.php?rest_route=\/wp\/v2\/pages"}],"about":[{"href":"\/index.php?rest_route=\/wp\/v2\/types\/page"}],"author":[{"embeddable":true,"href":"\/index.php?rest_route=\/wp\/v2\/users\/1"}],"replies":[{"embeddable":true,"href":"\/index.php?rest_route=%2Fwp%2Fv2%2Fcomments&post=915"}],"version-history":[{"count":20,"href":"\/index.php?rest_route=\/wp\/v2\/pages\/915\/revisions"}],"predecessor-version":[{"id":2517,"href":"\/index.php?rest_route=\/wp\/v2\/pages\/915\/revisions\/2517"}],"wp:attachment":[{"href":"\/index.php?rest_route=%2Fwp%2Fv2%2Fmedia&parent=915"}],"curies":[{"name":"wp","href":"https:\/\/api.w.org\/{rel}","templated":true}]}}